{"id":60,"date":"2024-12-23T21:40:40","date_gmt":"2024-12-23T20:40:40","guid":{"rendered":"https:\/\/stylo.lucplongee.fr\/?page_id=60"},"modified":"2024-12-23T21:44:26","modified_gmt":"2024-12-23T20:44:26","slug":"le-club","status":"publish","type":"page","link":"https:\/\/stylo.lucplongee.fr\/","title":{"rendered":"Le club"},"content":{"rendered":"\n<p>Bienvenue sur le site de la section plong\u00e9e du Lille Universit\u00e9 Club<\/p>\n\n\n\n<p>Que vous souhaitiez d\u00e9couvrir la plong\u00e9e le temps d&rsquo;un bapt\u00eame, suivre une formation qui vous ouvrira toutes les mers du monde ou tout simplement vous faire plaisir en plongeant \u00e0 volont\u00e9, vous \u00eates bienvenu(e) chez nous car le club est ouvert toute l&rsquo;ann\u00e9e et \u00e0 tous, \u00e9tudiants ou non. Plus de 40 moniteurs passionn\u00e9s sont l\u00e0 pour vous, pr\u00e9s de 170 sorties propos\u00e9es chaque ann\u00e9e, le LUC Plong\u00e9e est un club qui se mouille !&#8230;<\/p>\n\n\n\n<p>Si l&rsquo;aventure aquatique vous tente, n&rsquo;h\u00e9sitez pas \u00e0 venir nous voir. Nous aurons \u00e0 c\u0153ur de mettre tout en \u0153uvre pour vous faire partager notre passion de la plong\u00e9e&#8230;<\/p>\n","protected":false},"excerpt":{"rendered":"<p>Bienvenue sur le site de la section plong\u00e9e du Lille Universit\u00e9 Club Que vous souhaitiez d\u00e9couvrir la plong\u00e9e le temps d&rsquo;un bapt\u00eame, suivre une formation qui vous ouvrira toutes les mers du monde ou tout simplement vous faire plaisir en plongeant \u00e0 volont\u00e9, vous \u00eates bienvenu(e) chez nous car le club est ouvert toute l&rsquo;ann\u00e9e &hellip; <\/p>\n<p class=\"link-more\"><a href=\"https:\/\/stylo.lucplongee.fr\/\" class=\"more-link\">Continuer la lecture<span class=\"screen-reader-text\"> de &laquo;&nbsp;Le club&nbsp;&raquo;<\/span><\/a><\/p>\n","protected":false},"author":1,"featured_media":0,"parent":0,"menu_order":0,"comment_status":"closed","ping_status":"closed","template":"","meta":{"footnotes":""},"class_list":["post-60","page","type-page","status-publish","hentry"],"_links":{"self":[{"href":"https:\/\/stylo.lucplongee.fr\/index.php\/wp-json\/wp\/v2\/pages\/60","targetHints":{"allow":["GET"]}}],"collection":[{"href":"https:\/\/stylo.lucplongee.fr\/index.php\/wp-json\/wp\/v2\/pages"}],"about":[{"href":"https:\/\/stylo.lucplongee.fr\/index.php\/wp-json\/wp\/v2\/types\/page"}],"author":[{"embeddable":true,"href":"https:\/\/stylo.lucplongee.fr\/index.php\/wp-json\/wp\/v2\/users\/1"}],"replies":[{"embeddable":true,"href":"https:\/\/stylo.lucplongee.fr\/index.php\/wp-json\/wp\/v2\/comments?post=60"}],"version-history":[{"count":2,"href":"https:\/\/stylo.lucplongee.fr\/index.php\/wp-json\/wp\/v2\/pages\/60\/revisions"}],"predecessor-version":[{"id":64,"href":"https:\/\/stylo.lucplongee.fr\/index.php\/wp-json\/wp\/v2\/pages\/60\/revisions\/64"}],"wp:attachment":[{"href":"https:\/\/stylo.lucplongee.fr\/index.php\/wp-json\/wp\/v2\/media?parent=60"}],"curies":[{"name":"wp","href":"https:\/\/api.w.org\/{rel}","templated":true}]}}