{"id":57,"date":"2024-12-23T21:41:34","date_gmt":"2024-12-23T20:41:34","guid":{"rendered":"https:\/\/stylo.lucplongee.fr\/?page_id=57"},"modified":"2024-12-23T21:55:32","modified_gmt":"2024-12-23T20:55:32","slug":"les-tarifs","status":"publish","type":"page","link":"https:\/\/stylo.lucplongee.fr\/index.php\/le-club\/les-tarifs\/","title":{"rendered":"Les tarifs"},"content":{"rendered":"\n<p><strong>Les cotisations incluent toutes l&rsquo;adh\u00e9sion au Club&nbsp;et la Licence FFESSM &#8211; tarifs 2024-2025<\/strong><\/p>\n\n\n\n<p>Cotisation de base <sup>(1)<\/sup> : 190 \u20ac<\/p>\n\n\n\n<p>Etudiant (hors Univ Lille)&nbsp;<sup>(1)<\/sup> : 140 \u20ac <\/p>\n\n\n\n<p>Etudiant et personnel Universit\u00e9 de Lille&nbsp;<sup>(1)<\/sup> : 115 \u20ac <\/p>\n\n\n\n<p>Moniteur actif <sup>(1)<\/sup> : 115 \u20ac<\/p>\n\n\n\n<p><sup>(1)<\/sup> comprend l&rsquo;adh\u00e9sion au club (acc\u00e8s \u00e0 la piscine et donne droit aux diff\u00e9rentes activit\u00e9s) et la licence f\u00e9d\u00e9rale FFESSM. <\/p>\n\n\n\n<p>\u00ab\u00a0Passager\u00a0\u00bb<sup>(2)<\/sup> : 85\u20ac <\/p>\n\n\n\n<p><sup>(2)<\/sup> ne donne pas droit \u00e0 l&rsquo;acc\u00e8s \u00e0 la piscine et aux diff\u00e9rentes activit\u00e9s du club<\/p>\n\n\n\n<p><strong>Pour information<\/strong><\/p>\n\n\n\n<p>La licence FFESSM est valable de septembre \u00e0 d\u00e9cembre de l&rsquo;ann\u00e9e suivante. <\/p>\n\n\n\n<p>Les adh\u00e9sions se font toute l&rsquo;ann\u00e9e. Un tarif r\u00e9duit est propos\u00e9 \u00e0 partir du 1<sup>er<\/sup>&nbsp;mai. Il donne droit aux activit\u00e9s jusque la fin de l&rsquo;ann\u00e9e civile en cours.<\/p>\n\n\n\n<div class=\"wp-block-columns is-layout-flex wp-container-core-columns-is-layout-9d6595d7 wp-block-columns-is-layout-flex\">\n<div class=\"wp-block-column is-layout-flow wp-block-column-is-layout-flow\" style=\"flex-basis:100%\"><\/div>\n<\/div>\n\n\n\n<p><strong>Assurances compl\u00e9mentaires Cabinet LAFONT<\/strong><\/p>\n\n\n\n<figure class=\"wp-block-image size-large\"><a href=\"https:\/\/ffessm.fr\/gerer\/assurance\"><img loading=\"lazy\" decoding=\"async\" width=\"1024\" height=\"231\" src=\"https:\/\/stylo.lucplongee.fr\/wp-content\/uploads\/2024\/12\/2024-12-23_21h37_06-1024x231.png\" alt=\"\" class=\"wp-image-58\" srcset=\"https:\/\/stylo.lucplongee.fr\/wp-content\/uploads\/2024\/12\/2024-12-23_21h37_06-1024x231.png 1024w, https:\/\/stylo.lucplongee.fr\/wp-content\/uploads\/2024\/12\/2024-12-23_21h37_06-300x68.png 300w, https:\/\/stylo.lucplongee.fr\/wp-content\/uploads\/2024\/12\/2024-12-23_21h37_06-768x173.png 768w, https:\/\/stylo.lucplongee.fr\/wp-content\/uploads\/2024\/12\/2024-12-23_21h37_06-1536x346.png 1536w, https:\/\/stylo.lucplongee.fr\/wp-content\/uploads\/2024\/12\/2024-12-23_21h37_06.png 1745w\" sizes=\"auto, (max-width: 767px) 89vw, (max-width: 1000px) 54vw, (max-width: 1071px) 543px, 580px\" \/><\/a><\/figure>\n\n\n\n<p><a href=\"https:\/\/ffessm.lafont-assurances.com\/\" data-type=\"link\" data-id=\"https:\/\/ffessm.lafont-assurances.com\/\">Tous savoir sur les garanties des assurances compl\u00e9mentaires propos\u00e9es par le Cabinet LAFONT en cliquant ici<\/a><\/p>\n\n\n\n<p><\/p>\n","protected":false},"excerpt":{"rendered":"<p>Les cotisations incluent toutes l&rsquo;adh\u00e9sion au Club&nbsp;et la Licence FFESSM &#8211; tarifs 2024-2025 Cotisation de base (1) : 190 \u20ac Etudiant (hors Univ Lille)&nbsp;(1) : 140 \u20ac Etudiant et personnel Universit\u00e9 de Lille&nbsp;(1) : 115 \u20ac Moniteur actif (1) : 115 \u20ac (1) comprend l&rsquo;adh\u00e9sion au club (acc\u00e8s \u00e0 la piscine et donne droit aux &hellip; <\/p>\n<p class=\"link-more\"><a href=\"https:\/\/stylo.lucplongee.fr\/index.php\/le-club\/les-tarifs\/\" class=\"more-link\">Continuer la lecture<span class=\"screen-reader-text\"> de &laquo;&nbsp;Les tarifs&nbsp;&raquo;<\/span><\/a><\/p>\n","protected":false},"author":1,"featured_media":0,"parent":60,"menu_order":2,"comment_status":"closed","ping_status":"closed","template":"","meta":{"footnotes":""},"class_list":["post-57","page","type-page","status-publish","hentry"],"_links":{"self":[{"href":"https:\/\/stylo.lucplongee.fr\/index.php\/wp-json\/wp\/v2\/pages\/57","targetHints":{"allow":["GET"]}}],"collection":[{"href":"https:\/\/stylo.lucplongee.fr\/index.php\/wp-json\/wp\/v2\/pages"}],"about":[{"href":"https:\/\/stylo.lucplongee.fr\/index.php\/wp-json\/wp\/v2\/types\/page"}],"author":[{"embeddable":true,"href":"https:\/\/stylo.lucplongee.fr\/index.php\/wp-json\/wp\/v2\/users\/1"}],"replies":[{"embeddable":true,"href":"https:\/\/stylo.lucplongee.fr\/index.php\/wp-json\/wp\/v2\/comments?post=57"}],"version-history":[{"count":3,"href":"https:\/\/stylo.lucplongee.fr\/index.php\/wp-json\/wp\/v2\/pages\/57\/revisions"}],"predecessor-version":[{"id":70,"href":"https:\/\/stylo.lucplongee.fr\/index.php\/wp-json\/wp\/v2\/pages\/57\/revisions\/70"}],"up":[{"embeddable":true,"href":"https:\/\/stylo.lucplongee.fr\/index.php\/wp-json\/wp\/v2\/pages\/60"}],"wp:attachment":[{"href":"https:\/\/stylo.lucplongee.fr\/index.php\/wp-json\/wp\/v2\/media?parent=57"}],"curies":[{"name":"wp","href":"https:\/\/api.w.org\/{rel}","templated":true}]}}