{"id":50,"date":"2024-12-23T21:24:30","date_gmt":"2024-12-23T20:24:30","guid":{"rendered":"https:\/\/stylo.lucplongee.fr\/?page_id=50"},"modified":"2024-12-23T21:41:04","modified_gmt":"2024-12-23T20:41:04","slug":"la-piscine","status":"publish","type":"page","link":"https:\/\/stylo.lucplongee.fr\/index.php\/le-club\/la-piscine\/","title":{"rendered":"La piscine"},"content":{"rendered":"\n<p>Les entra\u00eenements et les cours th\u00e9oriques ont lieu au complexe sportif de l&rsquo;Universit\u00e9 Lille, situ\u00e9 au bout de l&rsquo;avenue Gaston Berger (coordonn\u00e9es GPS : 50\u00b036&rsquo;52\u00a0\u00bb N \/ 03\u00b004&rsquo;53\u00a0\u00bb E). Le bassin principal (25 m de long) y offre une profondeur maximale d&rsquo;un peu plus de 4 m, particuli\u00e8rement appr\u00e9ciable pour les s\u00e9ances d&rsquo;apn\u00e9e ou en scaphandre.<\/p>\n\n\n\n<figure class=\"wp-block-image\"><img decoding=\"async\" src=\"https:\/\/www.lucplongee.fr\/images\/panorama_luc2014_08.jpg\" alt=\"\"\/><\/figure>\n\n\n\n<p>Depuis sa cr\u00e9ation, le club a toujours investi dans du mat\u00e9riel de qualit\u00e9 afin que la plong\u00e9e puisse \u00eatre financi\u00e8rement accessible au plus grand nombre. Les \u00e9quipements individuels (bouteilles, d\u00e9tendeurs, combinaisons de plong\u00e9e, palmes, masques, tubas&#8230;) sont ainsi mis \u00e0 disposition des adh\u00e9rents pour les s\u00e9ances en piscine ou pour les sorties en milieu naturel organis\u00e9es par le club.<\/p>\n\n\n\n<p>En plus du compresseur directement accessible depuis le bassin pour les s\u00e9ances en piscine, nous disposons \u00e9galement d&rsquo;un local mat\u00e9riel r\u00e9serv\u00e9 au mat\u00e9riel utilis\u00e9 en ext\u00e9rieur.<\/p>\n\n\n\n<figure class=\"wp-block-image\"><img decoding=\"async\" src=\"https:\/\/www.lucplongee.fr\/images\/panorama_luc2014_09.jpg\" alt=\"\"\/><\/figure>\n","protected":false},"excerpt":{"rendered":"<p>Les entra\u00eenements et les cours th\u00e9oriques ont lieu au complexe sportif de l&rsquo;Universit\u00e9 Lille, situ\u00e9 au bout de l&rsquo;avenue Gaston Berger (coordonn\u00e9es GPS : 50\u00b036&rsquo;52\u00a0\u00bb N \/ 03\u00b004&rsquo;53\u00a0\u00bb E). Le bassin principal (25 m de long) y offre une profondeur maximale d&rsquo;un peu plus de 4 m, particuli\u00e8rement appr\u00e9ciable pour les s\u00e9ances d&rsquo;apn\u00e9e ou en &hellip; <\/p>\n<p class=\"link-more\"><a href=\"https:\/\/stylo.lucplongee.fr\/index.php\/le-club\/la-piscine\/\" class=\"more-link\">Continuer la lecture<span class=\"screen-reader-text\"> de &laquo;&nbsp;La piscine&nbsp;&raquo;<\/span><\/a><\/p>\n","protected":false},"author":1,"featured_media":0,"parent":60,"menu_order":0,"comment_status":"closed","ping_status":"closed","template":"","meta":{"footnotes":""},"class_list":["post-50","page","type-page","status-publish","hentry"],"_links":{"self":[{"href":"https:\/\/stylo.lucplongee.fr\/index.php\/wp-json\/wp\/v2\/pages\/50","targetHints":{"allow":["GET"]}}],"collection":[{"href":"https:\/\/stylo.lucplongee.fr\/index.php\/wp-json\/wp\/v2\/pages"}],"about":[{"href":"https:\/\/stylo.lucplongee.fr\/index.php\/wp-json\/wp\/v2\/types\/page"}],"author":[{"embeddable":true,"href":"https:\/\/stylo.lucplongee.fr\/index.php\/wp-json\/wp\/v2\/users\/1"}],"replies":[{"embeddable":true,"href":"https:\/\/stylo.lucplongee.fr\/index.php\/wp-json\/wp\/v2\/comments?post=50"}],"version-history":[{"count":1,"href":"https:\/\/stylo.lucplongee.fr\/index.php\/wp-json\/wp\/v2\/pages\/50\/revisions"}],"predecessor-version":[{"id":52,"href":"https:\/\/stylo.lucplongee.fr\/index.php\/wp-json\/wp\/v2\/pages\/50\/revisions\/52"}],"up":[{"embeddable":true,"href":"https:\/\/stylo.lucplongee.fr\/index.php\/wp-json\/wp\/v2\/pages\/60"}],"wp:attachment":[{"href":"https:\/\/stylo.lucplongee.fr\/index.php\/wp-json\/wp\/v2\/media?parent=50"}],"curies":[{"name":"wp","href":"https:\/\/api.w.org\/{rel}","templated":true}]}}