{"id":101,"date":"2024-12-25T18:41:17","date_gmt":"2024-12-25T17:41:17","guid":{"rendered":"https:\/\/stylo.lucplongee.fr\/?page_id=101"},"modified":"2024-12-25T18:45:06","modified_gmt":"2024-12-25T17:45:06","slug":"sinscrire","status":"publish","type":"page","link":"https:\/\/stylo.lucplongee.fr\/index.php\/le-club\/sinscrire\/","title":{"rendered":"S&rsquo;inscrire"},"content":{"rendered":"\n<h2 class=\"wp-block-heading has-text-align-center\">L&rsquo;aventure aquatique vous tente ? Alors n&rsquo;h\u00e9sitez plus un seul instant !<\/h2>\n\n\n\n<p class=\"has-text-align-center\">T\u00e9l\u00e9chargez la feuille d&rsquo;inscription et les mod\u00e8les de certificats m\u00e9dicaux sur la <br><a href=\"https:\/\/stylo.lucplongee.fr\/index.php\/pratique\/documents-utiles\/\" data-type=\"page\" data-id=\"73\">page \u00ab\u00a0documents utiles\u00a0\u00bb<\/a><\/p>\n\n\n\n<p><a href=\"https:\/\/www.lucplongee.fr\/images\/Documents\/administratif\/2024-2025\/LUC-PLONGEE_2024-2025_fiche_inscription.pdf\" target=\"_blank\" rel=\"noreferrer noopener\"><\/a>Document \u00e0 remettre \u00e0 un responsable avec le r\u00e8glement <a href=\"https:\/\/stylo.lucplongee.fr\/index.php\/le-club\/les-horaires\/\" data-type=\"page\" data-id=\"54\">lors des heures d&rsquo;ouverture<\/a> de la piscine<\/p>\n\n\n\n<p>Pour toutes questions sur l&rsquo;inscription et le fonctionnement du club, veuillez <a href=\"https:\/\/stylo.lucplongee.fr\/\" data-type=\"page\" data-id=\"60\">cliquer ICI<\/a><\/p>\n\n\n\n<hr class=\"wp-block-separator has-alpha-channel-opacity\"\/>\n\n\n\n<p>Veuillez joindre les pi\u00e8ces list\u00e9es ci-dessous \u00e0 la feuille d\u2019inscription :<\/p>\n\n\n\n<ul class=\"wp-block-list\">\n<li><strong>Un certificat m\u00e9dical valide<\/strong> (moins d\u2019un an) d&rsquo;absence de contre-indication (CACI) \u00e0 la pratique des sports subaquatiques. Pour le passage du niveau 1 \u00e0 3 ou pour des plong\u00e9es exclusivement d&rsquo;exploration, il peut \u00eatre \u00e9tabli par un m\u00e9decin g\u00e9n\u00e9raliste. N&rsquo;h\u00e9sitez surtout pas cependant \u00e0 consulter un m\u00e9decin sp\u00e9cialis\u00e9 (m\u00e9decin f\u00e9d\u00e9ral, m\u00e9decin du sport ou m\u00e9decin dipl\u00f4m\u00e9 de m\u00e9decine subaquatique), davantage sensibilis\u00e9s aux sp\u00e9cificit\u00e9s des activit\u00e9s subaquatiques. Pour le passage du niveau 4 et au-del\u00e0, ou si vous avez moins de 14 ans, il vous faudra obligatoirement consulter un m\u00e9decin sp\u00e9cialise (pour plus de renseignements concernant les certificats m\u00e9dicaux, <a href=\"https:\/\/medical.ffessm.fr\" target=\"_blank\" rel=\"noreferrer noopener\">cliquez ICI<\/a>)<\/li>\n\n\n\n<li><strong>Le r\u00e8glement de la cotisation<\/strong> comprend l\u2019adh\u00e9sion au club pour la saison en cours et la licence f\u00e9d\u00e9rale FFESSM valable jusqu\u2019au 31 d\u00e9cembre de l\u2019ann\u00e9e suivante.<\/li>\n<\/ul>\n\n\n\n<figure class=\"wp-block-image size-large\"><img loading=\"lazy\" decoding=\"async\" width=\"1024\" height=\"107\" src=\"https:\/\/stylo.lucplongee.fr\/wp-content\/uploads\/2024\/12\/montage_1b-1024x107.jpg\" alt=\"\" class=\"wp-image-102\" srcset=\"https:\/\/stylo.lucplongee.fr\/wp-content\/uploads\/2024\/12\/montage_1b-1024x107.jpg 1024w, https:\/\/stylo.lucplongee.fr\/wp-content\/uploads\/2024\/12\/montage_1b-300x31.jpg 300w, https:\/\/stylo.lucplongee.fr\/wp-content\/uploads\/2024\/12\/montage_1b-768x80.jpg 768w, https:\/\/stylo.lucplongee.fr\/wp-content\/uploads\/2024\/12\/montage_1b.jpg 1200w\" sizes=\"auto, (max-width: 767px) 89vw, (max-width: 1000px) 54vw, (max-width: 1071px) 543px, 580px\" \/><\/figure>\n\n\n\n<p><strong>Les avantages des membres du LUC Plong\u00e9e<\/strong><\/p>\n\n\n\n<ul class=\"wp-block-list\">\n<li>acc\u00e8s \u00e0 la piscine du complexe sportif universitaire Jos\u00e9 Savoye (Universit\u00e9 de Lille) aux horaires r\u00e9serv\u00e9s \u00e0 la section plong\u00e9e<\/li>\n\n\n\n<li>acc\u00e8s \u00e0 toutes les formations (apn\u00e9e, plongeur N1 \u00e0 N4, qualifications Nitrox, initiateur, RIFAP, MF1 et MF2)<\/li>\n\n\n\n<li>utilisation du mat\u00e9riel (\u00e9quipements de plong\u00e9e) dans le cadre de l\u2019entrainement, de la formation et des sorties club.<\/li>\n\n\n\n<li>acc\u00e8s \u00e0 la zone priv\u00e9e du site permettant de s&rsquo;inscrire aux sorties organis\u00e9es par les Directeurs de Plong\u00e9e.<\/li>\n<\/ul>\n\n\n\n<p><strong>Les avantages des licenci\u00e9s \u00e0 la FFESSM<\/strong><\/p>\n\n\n\n<ul class=\"wp-block-list\">\n<li>permis de chasse sous marine,<\/li>\n\n\n\n<li>participation aux formations propos\u00e9es (plong\u00e9e bouteille, Nitrox, apn\u00e9e, biologie, photographie, arch\u00e9ologie, nage avec palmes\u2026),<\/li>\n\n\n\n<li>passage des brevets de plongeur, d&rsquo;apn\u00e9iste et de moniteur,<\/li>\n\n\n\n<li>participation aux comp\u00e9titions et rencontres organis\u00e9es par les clubs, comit\u00e9s, ligues et commissions de la FFESSM,<\/li>\n\n\n\n<li>participation aux activit\u00e9s f\u00e9d\u00e9rales (manifestations \u00e0 th\u00e8me, r\u00e9unions des comit\u00e9s r\u00e9gionaux ou d\u00e9partementaux, Assembl\u00e9es G\u00e9n\u00e9rales\u2026),<\/li>\n\n\n\n<li>possibilit\u00e9 de devenir acteur au sein de la FFESSM en \u00e9tant \u00e9lu au sein d\u2019un comit\u00e9 ou d\u2019une commission d\u2019activit\u00e9,<\/li>\n\n\n\n<li>b\u00e9n\u00e9fice d\u2019un des meilleurs contrats d\u2019assurance en mati\u00e8re de plong\u00e9e, valable dans le monde entier et dans toutes vos activit\u00e9s subaquatiques, en club ou en famille (responsabilit\u00e9 civile, protection juridique, assurance individuelle, assurance rapatriement).<\/li>\n<\/ul>\n\n\n\n<figure class=\"wp-block-image size-large\"><img loading=\"lazy\" decoding=\"async\" width=\"1024\" height=\"107\" src=\"https:\/\/stylo.lucplongee.fr\/wp-content\/uploads\/2024\/12\/montage_2b-1024x107.jpg\" alt=\"\" class=\"wp-image-103\" srcset=\"https:\/\/stylo.lucplongee.fr\/wp-content\/uploads\/2024\/12\/montage_2b-1024x107.jpg 1024w, https:\/\/stylo.lucplongee.fr\/wp-content\/uploads\/2024\/12\/montage_2b-300x31.jpg 300w, https:\/\/stylo.lucplongee.fr\/wp-content\/uploads\/2024\/12\/montage_2b-768x80.jpg 768w, https:\/\/stylo.lucplongee.fr\/wp-content\/uploads\/2024\/12\/montage_2b.jpg 1200w\" sizes=\"auto, (max-width: 767px) 89vw, (max-width: 1000px) 54vw, (max-width: 1071px) 543px, 580px\" \/><\/figure>\n\n\n\n<p><strong>Les devoirs des adh\u00e9rents<\/strong><\/p>\n\n\n\n<ul class=\"wp-block-list\">\n<li>respecter le r\u00e8glement int\u00e9rieur et le r\u00e8glement technique du club.<\/li>\n\n\n\n<li>par sa bonne humeur et sa participation, contribuer \u00e0 pr\u00e9server la bonne ambiance au sein du club&#8230;<\/li>\n<\/ul>\n","protected":false},"excerpt":{"rendered":"<p>L&rsquo;aventure aquatique vous tente ? Alors n&rsquo;h\u00e9sitez plus un seul instant ! T\u00e9l\u00e9chargez la feuille d&rsquo;inscription et les mod\u00e8les de certificats m\u00e9dicaux sur la page \u00ab\u00a0documents utiles\u00a0\u00bb Document \u00e0 remettre \u00e0 un responsable avec le r\u00e8glement lors des heures d&rsquo;ouverture de la piscine Pour toutes questions sur l&rsquo;inscription et le fonctionnement du club, veuillez cliquer &hellip; <\/p>\n<p class=\"link-more\"><a href=\"https:\/\/stylo.lucplongee.fr\/index.php\/le-club\/sinscrire\/\" class=\"more-link\">Continuer la lecture<span class=\"screen-reader-text\"> de &laquo;&nbsp;S&rsquo;inscrire&nbsp;&raquo;<\/span><\/a><\/p>\n","protected":false},"author":1,"featured_media":0,"parent":60,"menu_order":0,"comment_status":"closed","ping_status":"closed","template":"","meta":{"footnotes":""},"class_list":["post-101","page","type-page","status-publish","hentry"],"_links":{"self":[{"href":"https:\/\/stylo.lucplongee.fr\/index.php\/wp-json\/wp\/v2\/pages\/101","targetHints":{"allow":["GET"]}}],"collection":[{"href":"https:\/\/stylo.lucplongee.fr\/index.php\/wp-json\/wp\/v2\/pages"}],"about":[{"href":"https:\/\/stylo.lucplongee.fr\/index.php\/wp-json\/wp\/v2\/types\/page"}],"author":[{"embeddable":true,"href":"https:\/\/stylo.lucplongee.fr\/index.php\/wp-json\/wp\/v2\/users\/1"}],"replies":[{"embeddable":true,"href":"https:\/\/stylo.lucplongee.fr\/index.php\/wp-json\/wp\/v2\/comments?post=101"}],"version-history":[{"count":2,"href":"https:\/\/stylo.lucplongee.fr\/index.php\/wp-json\/wp\/v2\/pages\/101\/revisions"}],"predecessor-version":[{"id":107,"href":"https:\/\/stylo.lucplongee.fr\/index.php\/wp-json\/wp\/v2\/pages\/101\/revisions\/107"}],"up":[{"embeddable":true,"href":"https:\/\/stylo.lucplongee.fr\/index.php\/wp-json\/wp\/v2\/pages\/60"}],"wp:attachment":[{"href":"https:\/\/stylo.lucplongee.fr\/index.php\/wp-json\/wp\/v2\/media?parent=101"}],"curies":[{"name":"wp","href":"https:\/\/api.w.org\/{rel}","templated":true}]}}